{"id":54,"date":"2019-01-25T23:34:52","date_gmt":"2019-01-25T23:34:52","guid":{"rendered":"http:\/\/192.168.1.11\/wordpress\/?page_id=54"},"modified":"2024-05-25T15:23:34","modified_gmt":"2024-05-25T15:23:34","slug":"herzlich-willkommen-auf-meiner-internetseite","status":"publish","type":"page","link":"http:\/\/korte1.synology.me\/wordpress\/","title":{"rendered":"Herzlich Willkommen auf meiner Internetseite!"},"content":{"rendered":"<p style=\"text-align: center;\">Wenn Sie mit mir in Kontakt treten m\u00f6chten, schreiben Sie bitte eine E-Mail an die unten genannte E-Mail-Adresse. Ich werde mich schnellstm\u00f6glich bei Ihnen zur\u00fcckmelden.<\/p>\n<p style=\"text-align: center;\">Mit freundlichen Gr\u00fc\u00dfen<\/p>\n<p style=\"text-align: center;\">Carsten Korte<\/p>\n\n\n<p><\/p>\n","protected":false},"excerpt":{"rendered":"<p>Wenn Sie mit mir in Kontakt treten m\u00f6chten, schreiben Sie bitte eine E-Mail an die unten genannte E-Mail-Adresse. Ich werde mich schnellstm\u00f6glich bei Ihnen zur\u00fcckmelden. Mit freundlichen Gr\u00fc\u00dfen Carsten Korte<\/p>\n","protected":false},"author":1,"featured_media":0,"parent":0,"menu_order":0,"comment_status":"closed","ping_status":"closed","template":"","meta":{"footnotes":""},"class_list":["post-54","page","type-page","status-publish","hentry"],"_links":{"self":[{"href":"http:\/\/korte1.synology.me\/wordpress\/wp-json\/wp\/v2\/pages\/54","targetHints":{"allow":["GET"]}}],"collection":[{"href":"http:\/\/korte1.synology.me\/wordpress\/wp-json\/wp\/v2\/pages"}],"about":[{"href":"http:\/\/korte1.synology.me\/wordpress\/wp-json\/wp\/v2\/types\/page"}],"author":[{"embeddable":true,"href":"http:\/\/korte1.synology.me\/wordpress\/wp-json\/wp\/v2\/users\/1"}],"replies":[{"embeddable":true,"href":"http:\/\/korte1.synology.me\/wordpress\/wp-json\/wp\/v2\/comments?post=54"}],"version-history":[{"count":39,"href":"http:\/\/korte1.synology.me\/wordpress\/wp-json\/wp\/v2\/pages\/54\/revisions"}],"predecessor-version":[{"id":214,"href":"http:\/\/korte1.synology.me\/wordpress\/wp-json\/wp\/v2\/pages\/54\/revisions\/214"}],"wp:attachment":[{"href":"http:\/\/korte1.synology.me\/wordpress\/wp-json\/wp\/v2\/media?parent=54"}],"curies":[{"name":"wp","href":"https:\/\/api.w.org\/{rel}","templated":true}]}}